{"id":4951,"date":"2025-08-19T20:15:13","date_gmt":"2025-08-19T18:15:13","guid":{"rendered":"https:\/\/pharmazouar.net\/?post_type=product&#038;p=4951"},"modified":"2025-08-23T18:53:28","modified_gmt":"2025-08-23T16:53:28","slug":"vitatine-multivitamine-sirop","status":"publish","type":"product","link":"https:\/\/pharmazouar.net\/?product=vitatine-multivitamine-sirop","title":{"rendered":"VITATINE Multivitamine Sirop"},"content":{"rendered":"<p>Ce sirop multivitamin\u00e9 est con\u00e7u pour les enfants afin de soutenir leur croissance et leur d\u00e9veloppement. Il contient une combinaison de vitamines essentielles et est enrichi en fenugrec pour renforcer leur syst\u00e8me immunitaire et leur \u00e9nergie.<\/p>\n","protected":false},"excerpt":{"rendered":"<p>Ce sirop multivitamin\u00e9 est con\u00e7u pour les enfants afin de soutenir leur croissance et leur d\u00e9veloppement. Il contient une combinaison de vitamines essentielles et est enrichi en fenugrec pour renforcer leur syst\u00e8me immunitaire et leur \u00e9nergie.<\/p>\n","protected":false},"featured_media":4952,"comment_status":"open","ping_status":"closed","template":"","meta":[],"product_brand":[341],"product_cat":[164,171,168,71,66],"product_tag":[],"giftcard-category":[],"class_list":{"0":"post-4951","1":"product","2":"type-product","3":"status-publish","4":"has-post-thumbnail","6":"product_brand-vitatine","7":"product_cat-bienetre","8":"product_cat-complement-bebe-et-enfants","9":"product_cat-vitamines","10":"product_cat-maman-bebe","11":"product_cat-complements-alimentaires","14":"instock","15":"shipping-taxable","16":"purchasable","17":"product-type-simple"},"jetpack_sharing_enabled":true,"_links":{"self":[{"href":"https:\/\/pharmazouar.net\/index.php?rest_route=\/wp\/v2\/product\/4951","targetHints":{"allow":["GET"]}}],"collection":[{"href":"https:\/\/pharmazouar.net\/index.php?rest_route=\/wp\/v2\/product"}],"about":[{"href":"https:\/\/pharmazouar.net\/index.php?rest_route=\/wp\/v2\/types\/product"}],"replies":[{"embeddable":true,"href":"https:\/\/pharmazouar.net\/index.php?rest_route=%2Fwp%2Fv2%2Fcomments&post=4951"}],"version-history":[{"count":1,"href":"https:\/\/pharmazouar.net\/index.php?rest_route=\/wp\/v2\/product\/4951\/revisions"}],"predecessor-version":[{"id":4953,"href":"https:\/\/pharmazouar.net\/index.php?rest_route=\/wp\/v2\/product\/4951\/revisions\/4953"}],"wp:featuredmedia":[{"embeddable":true,"href":"https:\/\/pharmazouar.net\/index.php?rest_route=\/wp\/v2\/media\/4952"}],"wp:attachment":[{"href":"https:\/\/pharmazouar.net\/index.php?rest_route=%2Fwp%2Fv2%2Fmedia&parent=4951"}],"wp:term":[{"taxonomy":"product_brand","embeddable":true,"href":"https:\/\/pharmazouar.net\/index.php?rest_route=%2Fwp%2Fv2%2Fproduct_brand&post=4951"},{"taxonomy":"product_cat","embeddable":true,"href":"https:\/\/pharmazouar.net\/index.php?rest_route=%2Fwp%2Fv2%2Fproduct_cat&post=4951"},{"taxonomy":"product_tag","embeddable":true,"href":"https:\/\/pharmazouar.net\/index.php?rest_route=%2Fwp%2Fv2%2Fproduct_tag&post=4951"},{"taxonomy":"giftcard-category","embeddable":true,"href":"https:\/\/pharmazouar.net\/index.php?rest_route=%2Fwp%2Fv2%2Fgiftcard-category&post=4951"}],"curies":[{"name":"wp","href":"https:\/\/api.w.org\/{rel}","templated":true}]}}